{"id":316,"date":"2024-10-09T11:56:36","date_gmt":"2024-10-09T14:56:36","guid":{"rendered":"https:\/\/www.interativamidia.com.br\/moveart\/?page_id=316"},"modified":"2025-04-15T19:47:57","modified_gmt":"2025-04-15T22:47:57","slug":"empresa","status":"publish","type":"page","link":"https:\/\/www.interativamidia.com.br\/moveart\/empresa\/","title":{"rendered":"Empresa"},"content":{"rendered":"\t\t<div data-elementor-type=\"wp-page\" data-elementor-id=\"316\" class=\"elementor elementor-316\">\n\t\t\t\t<div class=\"elementor-element elementor-element-8d2472d e-flex e-con-boxed e-con e-parent\" data-id=\"8d2472d\" data-element_type=\"container\" data-settings=\"{&quot;background_background&quot;:&quot;classic&quot;,&quot;shape_divider_bottom&quot;:&quot;multi-wave&quot;,&quot;_ha_eqh_enable&quot;:false}\">\n\t\t\t\t\t<div class=\"e-con-inner\">\n\t\t\t\t<div class=\"elementor-shape elementor-shape-bottom\" aria-hidden=\"true\" data-negative=\"false\">\n\t\t\t<svg xmlns=\"http:\/\/www.w3.org\/2000\/svg\" viewBox=\"0 0 4080 400\" preserveAspectRatio=\"none\">\r\n<path class=\"elementor-shape-fill ha-shape-divider\" opacity=\"0.2\" enable-background=\"new    \" d=\"M4080,79.3V0L1179.4,0v79.3c0,0,694.9,437.4,1471.3,275.6\r\n\tS3575.7-152.5,4080,79.3z\"\/>\r\n<path class=\"elementor-shape-fill ha-shape-divider\" opacity=\"0.2\" enable-background=\"new    \" d=\"M2249,79.3V0L0,0l0,79.3c0,0,43.3,437.4,819.8,275.6S1744.7-152.5,2249,79.3z\"\/>\r\n<path class=\"elementor-shape-fill ha-shape-divider\" opacity=\"0.2\" enable-background=\"new    \" d=\"M2631.6,49.8c0,0-596.3,547.3-1468.8,230.2S0,95.6,0,95.6L0,0l2631.6,0V49.8z\"\/>\r\n<path class=\"elementor-shape-fill ha-shape-divider\" opacity=\"0.2\" enable-background=\"new    \" d=\"M4080,95.6c0,0-428.4,501.5-1208.9,184.4S1831,95.6,1831,95.6V0l2249,0V95.6z\"\/>\r\n<path class=\"elementor-shape-fill ha-shape-divider\" d=\"M4080,0v192.6c-392.4,177-703.2,95.6-1075-34.1c-214.6-74.8-508-126-839.1,6.1c-149.2,59.5-447.2,203.4-1026.2,10.8\r\n\tC313.2-99.5,0,95.6,0,95.6L0,0l2249,0L4080,0z\"\/>\r\n<\/svg>\r\n\t\t<\/div>\n\t\t\t\t<div class=\"elementor-element elementor-element-19fef05 elementor-widget elementor-widget-elementskit-heading\" data-id=\"19fef05\" data-element_type=\"widget\" data-widget_type=\"elementskit-heading.default\">\n\t\t\t\t<div class=\"elementor-widget-container\">\n\t\t\t\t\t<div class=\"ekit-wid-con\" ><div class=\"ekit-heading elementskit-section-title-wraper text_center   ekit_heading_tablet-   ekit_heading_mobile-\"><h2 class=\"ekit-heading--title elementskit-section-title \">Nossa Empresa<\/h2><div class=\"ekit_heading_separetor_wraper ekit_heading_elementskit-border-divider ekit-dotted\"><div class=\"elementskit-border-divider ekit-dotted\"><\/div><\/div><\/div><\/div>\t\t\t\t<\/div>\n\t\t\t\t<\/div>\n\t\t\t\t\t<\/div>\n\t\t\t\t<\/div>\n\t\t<div class=\"elementor-element elementor-element-4ef29f7 e-flex e-con-boxed e-con e-parent\" data-id=\"4ef29f7\" data-element_type=\"container\" data-settings=\"{&quot;_ha_eqh_enable&quot;:false}\">\n\t\t\t\t\t<div class=\"e-con-inner\">\n\t\t<div class=\"elementor-element elementor-element-718ef40 e-con-full e-flex e-con e-child\" data-id=\"718ef40\" data-element_type=\"container\" data-settings=\"{&quot;_ha_eqh_enable&quot;:false}\">\n\t\t\t\t<div class=\"elementor-element elementor-element-d1758a5 elementor-widget elementor-widget-text-editor\" data-id=\"d1758a5\" data-element_type=\"widget\" data-widget_type=\"text-editor.default\">\n\t\t\t\t<div class=\"elementor-widget-container\">\n\t\t\t\t\t\t\t\t\t<p style=\"text-align: justify;\">H\u00e1 mais de 20 anos a Moveart vem se destacando no mercado do norte nordeste por oferecer mobili\u00e1rios de design diferenciado e linhas projetadas com base fundamental na ergonomia.<\/p><p style=\"text-align: justify;\">Combinando design moderno, ergonomia e durabilidade, nossos produtos s\u00e3o desenvolvidos para atender \u00e0s necessidades de empresas que buscam aliar conforto e efici\u00eancia no local de trabalho.<\/p><p style=\"text-align: justify;\">Nosso portf\u00f3lio inclui uma ampla variedade de m\u00f3veis, como mesas, cadeiras, esta\u00e7\u00f5es de trabalho, arm\u00e1rios, entre outros itens essenciais para compor ambientes corporativos. A Moveart tamb\u00e9m oferece solu\u00e7\u00f5es personalizadas, adaptando nossos produtos \u00e0s necessidades espec\u00edficas de cada cliente. Isso nos permite criar espa\u00e7os que atendem \u00e0s demandas operacionais e, ao mesmo tempo, oferecem conforto e estilo.<\/p>\t\t\t\t\t\t\t\t<\/div>\n\t\t\t\t<\/div>\n\t\t\t\t<\/div>\n\t\t<div class=\"elementor-element elementor-element-1121aa5 e-con-full e-flex e-con e-child\" data-id=\"1121aa5\" data-element_type=\"container\" data-settings=\"{&quot;_ha_eqh_enable&quot;:false}\">\n\t\t\t\t<div class=\"elementor-element elementor-element-7d2d776 elementor-pagination-position-outside elementor-widget elementor-widget-image-carousel\" data-id=\"7d2d776\" data-element_type=\"widget\" data-settings=\"{&quot;slides_to_show&quot;:&quot;1&quot;,&quot;navigation&quot;:&quot;dots&quot;,&quot;autoplay&quot;:&quot;yes&quot;,&quot;pause_on_hover&quot;:&quot;yes&quot;,&quot;pause_on_interaction&quot;:&quot;yes&quot;,&quot;autoplay_speed&quot;:5000,&quot;infinite&quot;:&quot;yes&quot;,&quot;effect&quot;:&quot;slide&quot;,&quot;speed&quot;:500}\" data-widget_type=\"image-carousel.default\">\n\t\t\t\t<div class=\"elementor-widget-container\">\n\t\t\t\t\t\t\t<div class=\"elementor-image-carousel-wrapper swiper\" role=\"region\" aria-roledescription=\"carousel\" aria-label=\"Carrossel de imagens\" dir=\"ltr\">\n\t\t\t<div class=\"elementor-image-carousel swiper-wrapper\" aria-live=\"off\">\n\t\t\t\t\t\t\t\t<div class=\"swiper-slide\" role=\"group\" aria-roledescription=\"slide\" aria-label=\"1 de 6\"><a data-elementor-open-lightbox=\"yes\" data-elementor-lightbox-slideshow=\"7d2d776\" data-elementor-lightbox-title=\"oppo_0\" data-e-action-hash=\"#elementor-action%3Aaction%3Dlightbox%26settings%3DeyJpZCI6OTQ1LCJ1cmwiOiJodHRwczpcL1wvd3d3LmludGVyYXRpdmFtaWRpYS5jb20uYnJcL21vdmVhcnRcL3dwLWNvbnRlbnRcL3VwbG9hZHNcLzIwMjVcLzA0XC9lc3RydXR1cmEtMy5qcGciLCJzbGlkZXNob3ciOiI3ZDJkNzc2In0%3D\" href=\"https:\/\/www.interativamidia.com.br\/moveart\/wp-content\/uploads\/2025\/04\/estrutura-3.jpg\"><figure class=\"swiper-slide-inner\"><img decoding=\"async\" class=\"swiper-slide-image\" src=\"https:\/\/www.interativamidia.com.br\/moveart\/wp-content\/uploads\/2025\/04\/estrutura-3-768x577.jpg\" alt=\"oppo_0\" \/><\/figure><\/a><\/div><div class=\"swiper-slide\" role=\"group\" aria-roledescription=\"slide\" aria-label=\"2 de 6\"><a data-elementor-open-lightbox=\"yes\" data-elementor-lightbox-slideshow=\"7d2d776\" data-elementor-lightbox-title=\"oppo_0\" data-e-action-hash=\"#elementor-action%3Aaction%3Dlightbox%26settings%3DeyJpZCI6OTU1LCJ1cmwiOiJodHRwczpcL1wvd3d3LmludGVyYXRpdmFtaWRpYS5jb20uYnJcL21vdmVhcnRcL3dwLWNvbnRlbnRcL3VwbG9hZHNcLzIwMjVcLzA0XC9lc3RydXR1cmEtNi5qcGciLCJzbGlkZXNob3ciOiI3ZDJkNzc2In0%3D\" href=\"https:\/\/www.interativamidia.com.br\/moveart\/wp-content\/uploads\/2025\/04\/estrutura-6.jpg\"><figure class=\"swiper-slide-inner\"><img decoding=\"async\" class=\"swiper-slide-image\" src=\"https:\/\/www.interativamidia.com.br\/moveart\/wp-content\/uploads\/2025\/04\/estrutura-6-768x577.jpg\" alt=\"oppo_0\" \/><\/figure><\/a><\/div><div class=\"swiper-slide\" role=\"group\" aria-roledescription=\"slide\" aria-label=\"3 de 6\"><a data-elementor-open-lightbox=\"yes\" data-elementor-lightbox-slideshow=\"7d2d776\" data-elementor-lightbox-title=\"oppo_0\" data-e-action-hash=\"#elementor-action%3Aaction%3Dlightbox%26settings%3DeyJpZCI6OTM4LCJ1cmwiOiJodHRwczpcL1wvd3d3LmludGVyYXRpdmFtaWRpYS5jb20uYnJcL21vdmVhcnRcL3dwLWNvbnRlbnRcL3VwbG9hZHNcLzIwMjVcLzA0XC9lc3RydXR1cmEtNC5qcGciLCJzbGlkZXNob3ciOiI3ZDJkNzc2In0%3D\" href=\"https:\/\/www.interativamidia.com.br\/moveart\/wp-content\/uploads\/2025\/04\/estrutura-4.jpg\"><figure class=\"swiper-slide-inner\"><img decoding=\"async\" class=\"swiper-slide-image\" src=\"https:\/\/www.interativamidia.com.br\/moveart\/wp-content\/uploads\/2025\/04\/estrutura-4-768x577.jpg\" alt=\"oppo_0\" \/><\/figure><\/a><\/div><div class=\"swiper-slide\" role=\"group\" aria-roledescription=\"slide\" aria-label=\"4 de 6\"><a data-elementor-open-lightbox=\"yes\" data-elementor-lightbox-slideshow=\"7d2d776\" data-elementor-lightbox-title=\"oppo_0\" data-e-action-hash=\"#elementor-action%3Aaction%3Dlightbox%26settings%3DeyJpZCI6OTU5LCJ1cmwiOiJodHRwczpcL1wvd3d3LmludGVyYXRpdmFtaWRpYS5jb20uYnJcL21vdmVhcnRcL3dwLWNvbnRlbnRcL3VwbG9hZHNcLzIwMjVcLzA0XC9lc3RydXR1cmEtNy5qcGciLCJzbGlkZXNob3ciOiI3ZDJkNzc2In0%3D\" href=\"https:\/\/www.interativamidia.com.br\/moveart\/wp-content\/uploads\/2025\/04\/estrutura-7.jpg\"><figure class=\"swiper-slide-inner\"><img decoding=\"async\" class=\"swiper-slide-image\" src=\"https:\/\/www.interativamidia.com.br\/moveart\/wp-content\/uploads\/2025\/04\/estrutura-7-768x577.jpg\" alt=\"oppo_0\" \/><\/figure><\/a><\/div><div class=\"swiper-slide\" role=\"group\" aria-roledescription=\"slide\" aria-label=\"5 de 6\"><a data-elementor-open-lightbox=\"yes\" data-elementor-lightbox-slideshow=\"7d2d776\" data-elementor-lightbox-title=\"oppo_0\" data-e-action-hash=\"#elementor-action%3Aaction%3Dlightbox%26settings%3DeyJpZCI6OTM3LCJ1cmwiOiJodHRwczpcL1wvd3d3LmludGVyYXRpdmFtaWRpYS5jb20uYnJcL21vdmVhcnRcL3dwLWNvbnRlbnRcL3VwbG9hZHNcLzIwMjVcLzA0XC9lc3RydXR1cmEtMi5qcGciLCJzbGlkZXNob3ciOiI3ZDJkNzc2In0%3D\" href=\"https:\/\/www.interativamidia.com.br\/moveart\/wp-content\/uploads\/2025\/04\/estrutura-2.jpg\"><figure class=\"swiper-slide-inner\"><img decoding=\"async\" class=\"swiper-slide-image\" src=\"https:\/\/www.interativamidia.com.br\/moveart\/wp-content\/uploads\/2025\/04\/estrutura-2-768x577.jpg\" alt=\"oppo_0\" \/><\/figure><\/a><\/div><div class=\"swiper-slide\" role=\"group\" aria-roledescription=\"slide\" aria-label=\"6 de 6\"><a data-elementor-open-lightbox=\"yes\" data-elementor-lightbox-slideshow=\"7d2d776\" data-elementor-lightbox-title=\"oppo_0\" data-e-action-hash=\"#elementor-action%3Aaction%3Dlightbox%26settings%3DeyJpZCI6OTMwLCJ1cmwiOiJodHRwczpcL1wvd3d3LmludGVyYXRpdmFtaWRpYS5jb20uYnJcL21vdmVhcnRcL3dwLWNvbnRlbnRcL3VwbG9hZHNcLzIwMjVcLzA0XC9lc3RydXR1cmEtMS5qcGciLCJzbGlkZXNob3ciOiI3ZDJkNzc2In0%3D\" href=\"https:\/\/www.interativamidia.com.br\/moveart\/wp-content\/uploads\/2025\/04\/estrutura-1.jpg\"><figure class=\"swiper-slide-inner\"><img decoding=\"async\" class=\"swiper-slide-image\" src=\"https:\/\/www.interativamidia.com.br\/moveart\/wp-content\/uploads\/2025\/04\/estrutura-1-768x577.jpg\" alt=\"oppo_0\" \/><\/figure><\/a><\/div>\t\t\t<\/div>\n\t\t\t\t\t\t\t\n\t\t\t\t\t\t\t\t\t<div class=\"swiper-pagination\"><\/div>\n\t\t\t\t\t\t\t\t\t<\/div>\n\t\t\t\t\t\t<\/div>\n\t\t\t\t<\/div>\n\t\t\t\t<\/div>\n\t\t\t\t\t<\/div>\n\t\t\t\t<\/div>\n\t\t<div class=\"elementor-element elementor-element-7c0a7e5 e-con-full e-flex e-con e-parent\" data-id=\"7c0a7e5\" data-element_type=\"container\" data-settings=\"{&quot;_ha_eqh_enable&quot;:false}\">\n\t\t\t\t<div class=\"elementor-element elementor-element-522272e elementor-widget-divider--separator-type-pattern elementor-widget-divider--view-line elementor-widget elementor-widget-divider\" data-id=\"522272e\" data-element_type=\"widget\" data-widget_type=\"divider.default\">\n\t\t\t\t<div class=\"elementor-widget-container\">\n\t\t\t\t\t\t\t<div class=\"elementor-divider\" style=\"--divider-pattern-url: url(&quot;data:image\/svg+xml,%3Csvg xmlns=&#039;http:\/\/www.w3.org\/2000\/svg&#039; preserveAspectRatio=&#039;none&#039; overflow=&#039;visible&#039; height=&#039;100%&#039; viewBox=&#039;0 0 24 24&#039; fill=&#039;none&#039; stroke=&#039;black&#039; stroke-width=&#039;1&#039; stroke-linecap=&#039;square&#039; stroke-miterlimit=&#039;10&#039;%3E%3Cpolyline points=&#039;0,6 6,6 6,18 18,18 18,6 24,6 \t&#039;\/%3E%3C\/svg%3E&quot;);\">\n\t\t\t<span class=\"elementor-divider-separator\">\n\t\t\t\t\t\t<\/span>\n\t\t<\/div>\n\t\t\t\t\t\t<\/div>\n\t\t\t\t<\/div>\n\t\t\t\t<\/div>\n\t\t<div class=\"elementor-element elementor-element-c68c967 e-flex e-con-boxed e-con e-parent\" data-id=\"c68c967\" data-element_type=\"container\" data-settings=\"{&quot;_ha_eqh_enable&quot;:false}\">\n\t\t\t\t\t<div class=\"e-con-inner\">\n\t\t<div class=\"elementor-element elementor-element-deebbc3 e-con-full e-flex e-con e-child\" data-id=\"deebbc3\" data-element_type=\"container\" data-settings=\"{&quot;_ha_eqh_enable&quot;:false}\">\n\t\t\t\t<div class=\"elementor-element elementor-element-c1635c3 elementor-view-default elementor-position-top elementor-mobile-position-top ha-has-bg-overlay elementor-widget elementor-widget-icon-box\" data-id=\"c1635c3\" data-element_type=\"widget\" data-widget_type=\"icon-box.default\">\n\t\t\t\t<div class=\"elementor-widget-container\">\n\t\t\t\t\t\t\t<div class=\"elementor-icon-box-wrapper\">\n\n\t\t\t\t\t\t<div class=\"elementor-icon-box-icon\">\n\t\t\t\t<span  class=\"elementor-icon elementor-animation-pulse-grow\">\n\t\t\t\t<svg aria-hidden=\"true\" class=\"e-font-icon-svg e-far-paper-plane\" viewBox=\"0 0 512 512\" xmlns=\"http:\/\/www.w3.org\/2000\/svg\"><path d=\"M440 6.5L24 246.4c-34.4 19.9-31.1 70.8 5.7 85.9L144 379.6V464c0 46.4 59.2 65.5 86.6 28.6l43.8-59.1 111.9 46.2c5.9 2.4 12.1 3.6 18.3 3.6 8.2 0 16.3-2.1 23.6-6.2 12.8-7.2 21.6-20 23.9-34.5l59.4-387.2c6.1-40.1-36.9-68.8-71.5-48.9zM192 464v-64.6l36.6 15.1L192 464zm212.6-28.7l-153.8-63.5L391 169.5c10.7-15.5-9.5-33.5-23.7-21.2L155.8 332.6 48 288 464 48l-59.4 387.3z\"><\/path><\/svg>\t\t\t\t<\/span>\n\t\t\t<\/div>\n\t\t\t\n\t\t\t\t\t\t<div class=\"elementor-icon-box-content\">\n\n\t\t\t\t\t\t\t\t\t<h3 class=\"elementor-icon-box-title\">\n\t\t\t\t\t\t<span  >\n\t\t\t\t\t\t\tNossa Miss\u00e3o\t\t\t\t\t\t<\/span>\n\t\t\t\t\t<\/h3>\n\t\t\t\t\n\t\t\t\t\t\t\t\t\t<p class=\"elementor-icon-box-description\">\n\t\t\t\t\t\tCriar ambientes que inspirem produtividade, proporcionando bem-estar aos colaboradores e valorizando cada espa\u00e7o de trabalho.\t\t\t\t\t<\/p>\n\t\t\t\t\n\t\t\t<\/div>\n\t\t\t\n\t\t<\/div>\n\t\t\t\t\t\t<\/div>\n\t\t\t\t<\/div>\n\t\t\t\t<\/div>\n\t\t<div class=\"elementor-element elementor-element-c444a5b e-con-full e-flex e-con e-child\" data-id=\"c444a5b\" data-element_type=\"container\" data-settings=\"{&quot;_ha_eqh_enable&quot;:false}\">\n\t\t\t\t<div class=\"elementor-element elementor-element-a8d1aed elementor-view-default elementor-position-top elementor-mobile-position-top ha-has-bg-overlay elementor-widget elementor-widget-icon-box\" data-id=\"a8d1aed\" data-element_type=\"widget\" data-widget_type=\"icon-box.default\">\n\t\t\t\t<div class=\"elementor-widget-container\">\n\t\t\t\t\t\t\t<div class=\"elementor-icon-box-wrapper\">\n\n\t\t\t\t\t\t<div class=\"elementor-icon-box-icon\">\n\t\t\t\t<span  class=\"elementor-icon elementor-animation-pulse-grow\">\n\t\t\t\t<svg aria-hidden=\"true\" class=\"e-font-icon-svg e-far-eye\" viewBox=\"0 0 576 512\" xmlns=\"http:\/\/www.w3.org\/2000\/svg\"><path d=\"M288 144a110.94 110.94 0 0 0-31.24 5 55.4 55.4 0 0 1 7.24 27 56 56 0 0 1-56 56 55.4 55.4 0 0 1-27-7.24A111.71 111.71 0 1 0 288 144zm284.52 97.4C518.29 135.59 410.93 64 288 64S57.68 135.64 3.48 241.41a32.35 32.35 0 0 0 0 29.19C57.71 376.41 165.07 448 288 448s230.32-71.64 284.52-177.41a32.35 32.35 0 0 0 0-29.19zM288 400c-98.65 0-189.09-55-237.93-144C98.91 167 189.34 112 288 112s189.09 55 237.93 144C477.1 345 386.66 400 288 400z\"><\/path><\/svg>\t\t\t\t<\/span>\n\t\t\t<\/div>\n\t\t\t\n\t\t\t\t\t\t<div class=\"elementor-icon-box-content\">\n\n\t\t\t\t\t\t\t\t\t<h3 class=\"elementor-icon-box-title\">\n\t\t\t\t\t\t<span  >\n\t\t\t\t\t\t\tNossa Vis\u00e3o\t\t\t\t\t\t<\/span>\n\t\t\t\t\t<\/h3>\n\t\t\t\t\n\t\t\t\t\t\t\t\t\t<p class=\"elementor-icon-box-description\">\n\t\t\t\t\t\tSer refer\u00eancia no setor de com\u00e9rcio de m\u00f3veis para escrit\u00f3rio, reconhecida pela qualidade e funcionalidade dos nossos produtos.\t\t\t\t\t<\/p>\n\t\t\t\t\n\t\t\t<\/div>\n\t\t\t\n\t\t<\/div>\n\t\t\t\t\t\t<\/div>\n\t\t\t\t<\/div>\n\t\t\t\t<\/div>\n\t\t\t\t\t<\/div>\n\t\t\t\t<\/div>\n\t\t\t\t<\/div>\n\t\t","protected":false},"excerpt":{"rendered":"<p>Nossa Empresa H\u00e1 mais de 20 anos a Moveart vem se destacando no mercado do norte nordeste por oferecer mobili\u00e1rios de design diferenciado e linhas projetadas com base fundamental na ergonomia. Combinando design moderno, ergonomia e durabilidade, nossos produtos s\u00e3o desenvolvidos para atender \u00e0s necessidades de empresas que buscam aliar conforto e efici\u00eancia no local de trabalho. Nosso portf\u00f3lio inclui uma ampla variedade de m\u00f3veis, como mesas, cadeiras, esta\u00e7\u00f5es de trabalho, arm\u00e1rios, entre outros itens essenciais para compor ambientes corporativos. A Moveart tamb\u00e9m oferece solu\u00e7\u00f5es personalizadas, adaptando nossos produtos \u00e0s necessidades espec\u00edficas de cada cliente. Isso nos permite criar espa\u00e7os que atendem \u00e0s demandas operacionais e, ao mesmo tempo, oferecem conforto e estilo. Nossa Miss\u00e3o Criar ambientes que inspirem produtividade, proporcionando bem-estar aos colaboradores e valorizando cada espa\u00e7o de trabalho. Nossa Vis\u00e3o Ser refer\u00eancia no setor de com\u00e9rcio de m\u00f3veis para escrit\u00f3rio, reconhecida pela qualidade e funcionalidade dos nossos produtos.<\/p>\n","protected":false},"author":1,"featured_media":0,"parent":0,"menu_order":0,"comment_status":"closed","ping_status":"closed","template":"elementor_header_footer","meta":{"_joinchat":[],"footnotes":""},"class_list":["post-316","page","type-page","status-publish"],"_links":{"self":[{"href":"https:\/\/www.interativamidia.com.br\/moveart\/wp-json\/wp\/v2\/pages\/316","targetHints":{"allow":["GET"]}}],"collection":[{"href":"https:\/\/www.interativamidia.com.br\/moveart\/wp-json\/wp\/v2\/pages"}],"about":[{"href":"https:\/\/www.interativamidia.com.br\/moveart\/wp-json\/wp\/v2\/types\/page"}],"author":[{"embeddable":true,"href":"https:\/\/www.interativamidia.com.br\/moveart\/wp-json\/wp\/v2\/users\/1"}],"replies":[{"embeddable":true,"href":"https:\/\/www.interativamidia.com.br\/moveart\/wp-json\/wp\/v2\/comments?post=316"}],"version-history":[{"count":55,"href":"https:\/\/www.interativamidia.com.br\/moveart\/wp-json\/wp\/v2\/pages\/316\/revisions"}],"predecessor-version":[{"id":971,"href":"https:\/\/www.interativamidia.com.br\/moveart\/wp-json\/wp\/v2\/pages\/316\/revisions\/971"}],"wp:attachment":[{"href":"https:\/\/www.interativamidia.com.br\/moveart\/wp-json\/wp\/v2\/media?parent=316"}],"curies":[{"name":"wp","href":"https:\/\/api.w.org\/{rel}","templated":true}]}}